{"id":875,"date":"2017-12-25T15:54:04","date_gmt":"2017-12-25T14:54:04","guid":{"rendered":"https:\/\/parkingsbarcelona.cat\/reservations\/"},"modified":"2023-12-14T15:41:08","modified_gmt":"2023-12-14T14:41:08","slug":"reservations","status":"publish","type":"page","link":"https:\/\/parkingsbarcelona.cat\/ca\/reservations\/","title":{"rendered":"Reservations"},"content":{"rendered":"<p>[vc_row full_width=&#8221;stretch_row&#8221; hide_bg_image_on_tablet=&#8221;&#8221; hide_bg_image_on_mobile=&#8221;&#8221; css=&#8221;.vc_custom_1514210899759{background-color: #f6f7f8 !important;}&#8221;][vc_column fix_column=&#8221;&#8221; hide_bg_image_on_tablet=&#8221;&#8221; hide_bg_image_on_mobile=&#8221;&#8221; icons_position=&#8221;left&#8221; offset=&#8221;vc_col-md-offset-1 vc_col-md-10&#8243; el_class=&#8221;inp_no_brd&#8221;][vc_empty_space alter_height=&#8221;medium&#8221; hide_on_desktop=&#8221;&#8221; hide_on_notebook=&#8221;&#8221; hide_on_tablet=&#8221;&#8221; hide_on_mobile=&#8221;&#8221;][contact-form-7 id=&#8221;5&#8243;][vc_empty_space alter_height=&#8221;medium&#8221; hide_on_desktop=&#8221;&#8221; hide_on_notebook=&#8221;&#8221; hide_on_tablet=&#8221;&#8221; hide_on_mobile=&#8221;&#8221;][\/vc_column][\/vc_row][vc_row][vc_column icons_position=&#8221;left&#8221;][vc_empty_space alter_height=&#8221;huge&#8221; hide_on_desktop=&#8221;&#8221; hide_on_notebook=&#8221;&#8221; hide_on_tablet=&#8221;&#8221; hide_on_mobile=&#8221;&#8221;][trx_sc_services type=&#8221;default&#8221; featured=&#8221;icon&#8221; featured_position=&#8221;top&#8221; no_links=&#8221;&#8221; hide_excerpt=&#8221;&#8221; no_margin=&#8221;&#8221; icons_animation=&#8221;&#8221; popup=&#8221;&#8221; cat=&#8221;0&#8243; orderby=&#8221;post_date&#8221; order=&#8221;desc&#8221; title_style=&#8221;default&#8221; title_align=&#8221;center&#8221; link_style=&#8221;default&#8221; count=&#8221;3&#8243; columns=&#8221;3&#8243; title=&#8221;How Does It Work?&#8221;][vc_empty_space alter_height=&#8221;huge&#8221; hide_on_desktop=&#8221;&#8221; hide_on_notebook=&#8221;&#8221; hide_on_tablet=&#8221;&#8221; hide_on_mobile=&#8221;&#8221; css=&#8221;.vc_custom_1523342272703{margin-bottom: -1.2rem !important;}&#8221;][\/vc_column][\/vc_row][vc_row full_width=&#8221;stretch_row&#8221; equal_height=&#8221;yes&#8221; content_placement=&#8221;middle&#8221; hide_bg_image_on_tablet=&#8221;&#8221; hide_bg_image_on_mobile=&#8221;&#8221; shape_divider_top_front=&#8221;&#8221; shape_divider_bottom_front=&#8221;&#8221; row_delimiter=&#8221;&#8221; hide_on_desktop=&#8221;&#8221; hide_on_notebook=&#8221;&#8221; hide_on_tablet=&#8221;&#8221; hide_on_mobile=&#8221;&#8221; hide_on_frontpage=&#8221;&#8221; css=&#8221;.vc_custom_1679045347677{background-image: url(https:\/\/parkingsbarcelona.cat\/wp-content\/uploads\/2023\/10\/no-image.jpg) !important;background-position: center !important;background-repeat: no-repeat !important;background-size: cover !important;}&#8221;][vc_column width=&#8221;1\/2&#8243; hide_bg_image_on_tablet=&#8221;&#8221; hide_bg_image_on_mobile=&#8221;&#8221; icons_position=&#8221;left&#8221;][vc_empty_space alter_height=&#8221;huge&#8221; hide_on_desktop=&#8221;1&#8243; hide_on_notebook=&#8221;1&#8243; hide_on_tablet=&#8221;1&#8243; hide_on_mobile=&#8221;&#8221; css=&#8221;.vc_custom_1679303143066{margin-bottom: 1rem !important;}&#8221;][trx_sc_content type=&#8221;rounded&#8221; size=&#8221;none&#8221; paddings=&#8221;large&#8221; number_position=&#8221;br&#8221; title_style=&#8221;default&#8221; link_style=&#8221;default&#8221; css=&#8221;.vc_custom_1679047788005{background-color: #ffffff !important;}&#8221; class=&#8221;booked-small&#8221;][vc_column_text][booked-calendar calendar=&#8221;19&#8243; size=&#8221;small&#8221;][\/vc_column_text][\/trx_sc_content][\/vc_column][vc_column width=&#8221;1\/12&#8243; fix_column=&#8221;&#8221; hide_bg_image_on_tablet=&#8221;&#8221; hide_bg_image_on_mobile=&#8221;&#8221; icons_position=&#8221;left&#8221;][\/vc_column][vc_column width=&#8221;5\/12&#8243; scheme=&#8221;dark&#8221; icons_position=&#8221;left&#8221;][vc_empty_space alter_height=&#8221;huge&#8221; hide_on_desktop=&#8221;&#8221; hide_on_notebook=&#8221;&#8221; hide_on_tablet=&#8221;&#8221; hide_on_mobile=&#8221;1&#8243; css=&#8221;.vc_custom_1679303111171{margin-bottom: 1rem !important;}&#8221;][vc_empty_space alter_height=&#8221;small&#8221; hide_on_desktop=&#8221;&#8221; hide_on_notebook=&#8221;&#8221; hide_on_tablet=&#8221;1&#8243; hide_on_mobile=&#8221;1&#8243; css=&#8221;.vc_custom_1679048140024{margin-bottom: 0.9em !important;}&#8221;][vc_empty_space alter_height=&#8221;large&#8221; hide_on_desktop=&#8221;1&#8243; hide_on_notebook=&#8221;1&#8243; hide_on_tablet=&#8221;1&#8243; hide_on_mobile=&#8221;&#8221;][trx_sc_title title_style=&#8221;default&#8221; link_style=&#8221;default&#8221; title=&#8221;Car P\u00e0rquing Options&#8221; description=&#8221;El nostre Car P\u00e0rquing Calculator est\u00e0 disponible per a l&#8217;\u00fas de la best parking option.&#8221; We recommend en book parking online en advance and save up to 30%!<\/p>\n<p>Select the dates as well as your preferred parking option and get the total cost for the entire period. Booking a parking spot has never been easier.&#8221; link=&#8221;\/\/parkingsbarcelona.cat\/parking-options\/&#8221; link_text=&#8221;Parking Options&#8221;][vc_empty_space hide_on_desktop=&#8221;&#8221; hide_on_notebook=&#8221;&#8221; hide_on_tablet=&#8221;1&#8243; hide_on_mobile=&#8221;1&#8243; css=&#8221;.vc_custom_1679048145877{margin-bottom: 0.9em !important;}&#8221;][vc_empty_space alter_height=&#8221;huge&#8221; hide_on_desktop=&#8221;&#8221; hide_on_notebook=&#8221;&#8221; hide_on_tablet=&#8221;&#8221; hide_on_mobile=&#8221;&#8221; css=&#8221;.vc_custom_1523344618928{margin-bottom: 0.9em !important;}&#8221;]<\/p>\n<\/p>\n<p>[\/vc_column][\/vc_row][vc_row full_width=&#8221;stretch_row&#8221; hide_bg_image_on_tablet=&#8221;&#8221; hide_bg_image_on_mobile=&#8221;&#8221; css=&#8221;.vc_custom_1514215610158{background-color: #f6f7f8 !important;}&#8221;][vc_column icons_position=&#8221;left&#8221;][vc_empty_space alter_height=&#8221;huge&#8221; hide_on_desktop=&#8221;&#8221; hide_on_notebook=&#8221;&#8221; hide_on_tablet=&#8221;&#8221; hide_on_mobile=&#8221;&#8221;][\/vc_column][vc_column icons_position=&#8221;left&#8221; offset=&#8221;vc_col-md-6&#8243;][trx_sc_title title_style=&#8221;default&#8221; link_style=&#8221;default&#8221; title=&#8221;Download the App&#8221;][vc_empty_space alter_height=&#8221;small&#8221; hide_on_desktop=&#8221;&#8221; hide_on_notebook=&#8221;&#8221; hide_on_tablet=&#8221;&#8221; hide_on_mobile=&#8221;&#8221; css=&#8221;.vc_custom_1523346037066{margin-bottom: 0.4em !important;}&#8221;][vc_row_inner][vc_column_inner width=&#8221;1\/2&#8243; icons_position=&#8221;left&#8221;][vc_column_text]<\/p>\n<p>5-star rated on both app stores<br \/>\nFind, pay &amp; extend on-the-go<br \/>\nHandy reminders<br \/>\nEasy navigation<br \/>\nQuick rebooking<br \/>\nSmart notifications<\/p>\n<p>[\/vc_column_text][vc_empty_space alter_height=&#8221;small&#8221; hide_on_desktop=&#8221;&#8221; hide_on_notebook=&#8221;&#8221; hide_on_tablet=&#8221;&#8221; hide_on_mobile=&#8221;&#8221; css=&#8221;.vc_custom_1523349944516{margin-bottom: 0.4em !important;}&#8221;][trx_sc_button type=&#8221;apl&#8221; new_window=&#8221;1&#8243; icon=&#8221;icon-icon_17&#8243; icon_position=&#8221;left&#8221; hide_on_desktop=&#8221;&#8221; hide_on_notebook=&#8221;&#8221; hide_on_tablet=&#8221;&#8221; hide_on_mobile=&#8221;&#8221; link=&#8221;https:\/\/www.apple.com\/ios\/app-store\/&#8221; title=&#8221;The App store&#8221; subtitle=&#8221;Download On&#8221;][vc_empty_space hide_on_desktop=&#8221;&#8221; hide_on_notebook=&#8221;&#8221; hide_on_tablet=&#8221;&#8221; hide_on_mobile=&#8221;&#8221; css=&#8221;.vc_custom_1523350123538{margin-bottom: -0.75rem !important;}&#8221;][trx_sc_button type=&#8221;apl&#8221; new_window=&#8221;1&#8243; icon=&#8221;icon-icon_18&#8243; icon_position=&#8221;left&#8221; hide_on_desktop=&#8221;&#8221; hide_on_notebook=&#8221;&#8221; hide_on_tablet=&#8221;&#8221; hide_on_mobile=&#8221;&#8221; link=&#8221;https:\/\/play.google.com\/store&#8221; title=&#8221;Google Play&#8221; subtitle=&#8221;Android App On&#8221;][\/vc_column_inner][vc_column_inner width=&#8221;1\/2&#8243; icons_position=&#8221;left&#8221; offset=&#8221;vc_hidden-xs&#8221;][trx_sc_content size=&#8221;1_3&#8243; shift_x=&#8221;small_negative&#8221; shift_y=&#8221;tiny_negative&#8221; number_position=&#8221;br&#8221; title_style=&#8221;default&#8221; link_style=&#8221;default&#8221;][vc_single_image image=&#8221;662&#8243; img_size=&#8221;full&#8221;][\/trx_sc_content][\/vc_column_inner][\/vc_row_inner][\/vc_column][vc_column icons_position=&#8221;left&#8221; offset=&#8221;vc_hidden-lg vc_hidden-md&#8221;][vc_empty_space alter_height=&#8221;large&#8221; hide_on_desktop=&#8221;&#8221; hide_on_notebook=&#8221;&#8221; hide_on_tablet=&#8221;&#8221; hide_on_mobile=&#8221;&#8221;][\/vc_column][vc_column icons_position=&#8221;left&#8221; offset=&#8221;vc_col-md-6&#8243;][trx_sc_title title_style=&#8221;default&#8221; link_style=&#8221;default&#8221; title=&#8221;Top FAQ&#8217;s&#8221;][vc_empty_space alter_height=&#8221;small&#8221; hide_on_desktop=&#8221;&#8221; hide_on_notebook=&#8221;&#8221; hide_on_tablet=&#8221;&#8221; hide_on_mobile=&#8221;&#8221; css=&#8221;.vc_custom_1523346053752{margin-bottom: 0.8rem !important;}&#8221;][vc_tta_accordion c_icon=&#8221;chevron&#8221; c_position=&#8221;right&#8221; active_section=&#8221;2&#8243; no_fill=&#8221;true&#8221;][vc_tta_section title=&#8221;What payment methods are accepted?&#8221; tab_id=&#8221;1514215618161-28b55a9d-9b81&#8243;][vc_column_text]Molts dels nostres cotxes poden ser booked up to 12 months in advance, though som d&#8217;els nostres offers mai only available at limited times.[\/vc_column_text][\/vc_tta_section][vc_tta_section title=&#8221;How far in advance can I book parking en l\u00ednia?&#8221; tab_id=&#8221;1514215618174-1c6a04ed-4288&#8243;][vc_column_text]Molts dels nostres cotxes poden ser booked up to 12 months in advance, though som d&#8217;els nostres offers mai only available at limited times.[\/vc_column_text][\/vc_tta_section][vc_tta_section title=&#8221;How do I enter and exit the car park?&#8221; tab_id=&#8221;1514215725423-d092840a-297f&#8221;][vc_column_text]Molts dels nostres cotxes poden ser booked up to 12 months in advance, though som d&#8217;els nostres offers mai only available at limited times.[\/vc_column_text][\/vc_tta_section][vc_tta_section title=&#8221;Do I get allocated a specific parking space?&#8221; tab_id=&#8221;1514216293272-1567da2f-f45b&#8221;][vc_column_text]Molts dels nostres cotxes poden ser booked up to 12 months in advance, though som d&#8217;els nostres offers mai only available at limited times.[\/vc_column_text][\/vc_tta_section][vc_tta_section title=&#8221;What if my return flight is delayed?&#8221; tab_id=&#8221;1514216302592-f1829e3b-00c0&#8243;][vc_column_text]Molts dels nostres cotxes poden ser booked up to 12 months in advance, though som d&#8217;els nostres offers mai only available at limited times.[\/vc_column_text][\/vc_tta_section][\/vc_tta_accordion][\/vc_column][vc_column icons_position=&#8221;left&#8221;][vc_empty_space alter_height=&#8221;huge&#8221; hide_on_desktop=&#8221;&#8221; hide_on_notebook=&#8221;&#8221; hide_on_tablet=&#8221;&#8221; hide_on_mobile=&#8221;&#8221; css=&#8221;.vc_custom_1523350148639{margin-bottom: -0.7rem !important;}&#8221;][\/vc_column][\/vc_row][vc_row full_width=&#8221;stretch_row&#8221; equal_height=&#8221;yes&#8221; content_placement=&#8221;middle&#8221; scheme=&#8221;dark&#8221; hide_bg_image_on_tablet=&#8221;&#8221; hide_bg_image_on_mobile=&#8221;&#8221; css=&#8221;.vc_custom_1523350919353{background-image: url(https:\/\/parkingsbarcelona.cat\/wp-content\/uploads\/2023\/10\/no-image.jpg) !important;background-position: center !important;background-repeat: no-repeat !important;background-size: cover !important;}&#8221;][vc_column icons_position=&#8221;left&#8221;][vc_empty_space alter_height=&#8221;medium&#8221; hide_on_desktop=&#8221;&#8221; hide_on_notebook=&#8221;&#8221; hide_on_tablet=&#8221;&#8221; hide_on_mobile=&#8221;&#8221; css=&#8221;.vc_custom_1523350762023{margin-bottom: -1em !important;}&#8221;][\/vc_column][vc_column width=&#8221;2\/3&#8243; icons_position=&#8221;left&#8221;][trx_sc_title title_style=&#8221;default&#8221; title_tag=&#8221;h2&#8243; link_style=&#8221;default&#8221; title=&#8221;Save money by prebooking online&#8221;][\/vc_column][vc_column width=&#8221;1\/3&#8243; hide_bg_image_on_tablet=&#8221;&#8221; hide_bg_image_on_mobile=&#8221;&#8221; icons_position=&#8221;left&#8221;][vc_empty_space height=&#8221;0.2em&#8221; hide_on_desktop=&#8221;&#8221; hide_on_notebook=&#8221;&#8221; hide_on_tablet=&#8221;&#8221; hide_on_mobile=&#8221;&#8221;][trx_sc_button type=&#8221;default&#8221; color_style=&#8221;dark&#8221; new_window=&#8221;&#8221; align=&#8221;right&#8221; icon_position=&#8221;left&#8221; hide_on_desktop=&#8221;&#8221; hide_on_notebook=&#8221;&#8221; hide_on_tablet=&#8221;&#8221; hide_on_mobile=&#8221;&#8221; link=&#8221;\/\/parkingsbarcelona.cat\/reservations\/&#8221; title=&#8221;Pick your parking dates&#8221;][\/vc_column][vc_column icons_position=&#8221;left&#8221;][vc_empty_space alter_height=&#8221;medium&#8221; hide_on_desktop=&#8221;&#8221; hide_on_notebook=&#8221;&#8221; hide_on_tablet=&#8221;&#8221; hide_on_mobile=&#8221;&#8221; css=&#8221;.vc_custom_1523350794838{margin-bottom: -0.45em !important;}&#8221;][\/vc_column][\/vc_row]<\/p>\n","protected":false},"excerpt":{"rendered":"<p>[vc_row full_width=&#8221;stretch_row&#8221; hide_bg_image_on_tablet=&#8221;&#8221; hide_bg_image_on_mobile=&#8221;&#8221; css=&#8221;.vc_custom_1514210899759{background-color: #f6f7f8 !important;}&#8221;][vc_column fix_column=&#8221;&#8221; hide_bg_image_on_tablet=&#8221;&#8221; hide_bg_image_on_mobile=&#8221;&#8221; icons_position=&#8221;left&#8221; offset=&#8221;vc_col-md-offset-1 vc_col-md-10&#8243; el_class=&#8221;inp_no_brd&#8221;][vc_empty_space alter_height=&#8221;medium&#8221; hide_on_desktop=&#8221;&#8221; hide_on_notebook=&#8221;&#8221; hide_on_tablet=&#8221;&#8221; hide_on_mobile=&#8221;&#8221;][contact-form-7 id=&#8221;5&#8243;][vc_empty_space alter_height=&#8221;medium&#8221; hide_on_desktop=&#8221;&#8221; hide_on_notebook=&#8221;&#8221; hide_on_tablet=&#8221;&#8221; hide_on_mobile=&#8221;&#8221;][\/vc_column][\/vc_row][vc_row][vc_column icons_position=&#8221;left&#8221;][vc_empty_space alter_height=&#8221;huge&#8221; hide_on_desktop=&#8221;&#8221; hide_on_notebook=&#8221;&#8221; hide_on_tablet=&#8221;&#8221; hide_on_mobile=&#8221;&#8221;][trx_sc_services type=&#8221;default&#8221; featured=&#8221;icon&#8221; featured_position=&#8221;top&#8221; no_links=&#8221;&#8221; hide_excerpt=&#8221;&#8221; no_margin=&#8221;&#8221; icons_animation=&#8221;&#8221; popup=&#8221;&#8221; cat=&#8221;0&#8243; orderby=&#8221;post_date&#8221; order=&#8221;desc&#8221; title_style=&#8221;default&#8221; title_align=&#8221;center&#8221; link_style=&#8221;default&#8221; count=&#8221;3&#8243; columns=&#8221;3&#8243; title=&#8221;How Does It Work?&#8221;][vc_empty_space alter_height=&#8221;huge&#8221; hide_on_desktop=&#8221;&#8221; hide_on_notebook=&#8221;&#8221; hide_on_tablet=&#8221;&#8221; [&hellip;]<\/p>\n","protected":false},"author":1,"featured_media":0,"parent":0,"menu_order":0,"comment_status":"closed","ping_status":"closed","template":"","meta":{"_et_pb_use_builder":"","_et_pb_old_content":"","_et_gb_content_width":"","footnotes":""},"class_list":["post-875","page","type-page","status-publish","hentry"],"yoast_head":"<!-- This site is optimized with the Yoast SEO plugin v24.4 - https:\/\/yoast.com\/wordpress\/plugins\/seo\/ -->\n<title>Reservations - Galvamo<\/title>\n<meta name=\"robots\" content=\"index, follow, max-snippet:-1, max-image-preview:large, max-video-preview:-1\" \/>\n<link rel=\"canonical\" href=\"https:\/\/parkingsbarcelona.cat\/ca\/reservations\/\" \/>\n<meta property=\"og:locale\" content=\"ca_ES\" \/>\n<meta property=\"og:type\" content=\"article\" \/>\n<meta property=\"og:title\" content=\"Reservations - Galvamo\" \/>\n<meta property=\"og:description\" content=\"[vc_row full_width=&#8221;stretch_row&#8221; hide_bg_image_on_tablet=&#8221;&#8221; hide_bg_image_on_mobile=&#8221;&#8221; css=&#8221;.vc_custom_1514210899759{background-color: #f6f7f8 !important;}&#8221;][vc_column fix_column=&#8221;&#8221; hide_bg_image_on_tablet=&#8221;&#8221; hide_bg_image_on_mobile=&#8221;&#8221; icons_position=&#8221;left&#8221; offset=&#8221;vc_col-md-offset-1 vc_col-md-10&#8243; el_class=&#8221;inp_no_brd&#8221;][vc_empty_space alter_height=&#8221;medium&#8221; hide_on_desktop=&#8221;&#8221; hide_on_notebook=&#8221;&#8221; hide_on_tablet=&#8221;&#8221; hide_on_mobile=&#8221;&#8221;][contact-form-7 id=&#8221;5&#8243;][vc_empty_space alter_height=&#8221;medium&#8221; hide_on_desktop=&#8221;&#8221; hide_on_notebook=&#8221;&#8221; hide_on_tablet=&#8221;&#8221; hide_on_mobile=&#8221;&#8221;][\/vc_column][\/vc_row][vc_row][vc_column icons_position=&#8221;left&#8221;][vc_empty_space alter_height=&#8221;huge&#8221; hide_on_desktop=&#8221;&#8221; hide_on_notebook=&#8221;&#8221; hide_on_tablet=&#8221;&#8221; hide_on_mobile=&#8221;&#8221;][trx_sc_services type=&#8221;default&#8221; featured=&#8221;icon&#8221; featured_position=&#8221;top&#8221; no_links=&#8221;&#8221; hide_excerpt=&#8221;&#8221; no_margin=&#8221;&#8221; icons_animation=&#8221;&#8221; popup=&#8221;&#8221; cat=&#8221;0&#8243; orderby=&#8221;post_date&#8221; order=&#8221;desc&#8221; title_style=&#8221;default&#8221; title_align=&#8221;center&#8221; link_style=&#8221;default&#8221; count=&#8221;3&#8243; columns=&#8221;3&#8243; title=&#8221;How Does It Work?&#8221;][vc_empty_space alter_height=&#8221;huge&#8221; hide_on_desktop=&#8221;&#8221; hide_on_notebook=&#8221;&#8221; hide_on_tablet=&#8221;&#8221; [&hellip;]\" \/>\n<meta property=\"og:url\" content=\"https:\/\/parkingsbarcelona.cat\/ca\/reservations\/\" \/>\n<meta property=\"og:site_name\" content=\"Galvamo\" \/>\n<meta property=\"article:modified_time\" content=\"2023-12-14T14:41:08+00:00\" \/>\n<meta name=\"twitter:card\" content=\"summary_large_image\" \/>\n<meta name=\"twitter:label1\" content=\"Temps estimat de lectura\" \/>\n\t<meta name=\"twitter:data1\" content=\"7 minuts\" \/>\n<script type=\"application\/ld+json\" class=\"yoast-schema-graph\">{\"@context\":\"https:\/\/schema.org\",\"@graph\":[{\"@type\":\"WebPage\",\"@id\":\"https:\/\/parkingsbarcelona.cat\/ca\/reservations\/\",\"url\":\"https:\/\/parkingsbarcelona.cat\/ca\/reservations\/\",\"name\":\"Reservations - Galvamo\",\"isPartOf\":{\"@id\":\"https:\/\/parkingsbarcelona.cat\/ca\/#website\"},\"datePublished\":\"2017-12-25T14:54:04+00:00\",\"dateModified\":\"2023-12-14T14:41:08+00:00\",\"breadcrumb\":{\"@id\":\"https:\/\/parkingsbarcelona.cat\/ca\/reservations\/#breadcrumb\"},\"inLanguage\":\"ca\",\"potentialAction\":[{\"@type\":\"ReadAction\",\"target\":[\"https:\/\/parkingsbarcelona.cat\/ca\/reservations\/\"]}]},{\"@type\":\"BreadcrumbList\",\"@id\":\"https:\/\/parkingsbarcelona.cat\/ca\/reservations\/#breadcrumb\",\"itemListElement\":[{\"@type\":\"ListItem\",\"position\":1,\"name\":\"Portada\",\"item\":\"https:\/\/parkingsbarcelona.cat\/ca\/\"},{\"@type\":\"ListItem\",\"position\":2,\"name\":\"Reservations\"}]},{\"@type\":\"WebSite\",\"@id\":\"https:\/\/parkingsbarcelona.cat\/ca\/#website\",\"url\":\"https:\/\/parkingsbarcelona.cat\/ca\/\",\"name\":\"Galvamo\",\"description\":\"Parking\",\"potentialAction\":[{\"@type\":\"SearchAction\",\"target\":{\"@type\":\"EntryPoint\",\"urlTemplate\":\"https:\/\/parkingsbarcelona.cat\/ca\/?s={search_term_string}\"},\"query-input\":{\"@type\":\"PropertyValueSpecification\",\"valueRequired\":true,\"valueName\":\"search_term_string\"}}],\"inLanguage\":\"ca\"}]}<\/script>\n<!-- \/ Yoast SEO plugin. -->","yoast_head_json":{"title":"Reservations - Galvamo","robots":{"index":"index","follow":"follow","max-snippet":"max-snippet:-1","max-image-preview":"max-image-preview:large","max-video-preview":"max-video-preview:-1"},"canonical":"https:\/\/parkingsbarcelona.cat\/ca\/reservations\/","og_locale":"ca_ES","og_type":"article","og_title":"Reservations - Galvamo","og_description":"[vc_row full_width=&#8221;stretch_row&#8221; hide_bg_image_on_tablet=&#8221;&#8221; hide_bg_image_on_mobile=&#8221;&#8221; css=&#8221;.vc_custom_1514210899759{background-color: #f6f7f8 !important;}&#8221;][vc_column fix_column=&#8221;&#8221; hide_bg_image_on_tablet=&#8221;&#8221; hide_bg_image_on_mobile=&#8221;&#8221; icons_position=&#8221;left&#8221; offset=&#8221;vc_col-md-offset-1 vc_col-md-10&#8243; el_class=&#8221;inp_no_brd&#8221;][vc_empty_space alter_height=&#8221;medium&#8221; hide_on_desktop=&#8221;&#8221; hide_on_notebook=&#8221;&#8221; hide_on_tablet=&#8221;&#8221; hide_on_mobile=&#8221;&#8221;][contact-form-7 id=&#8221;5&#8243;][vc_empty_space alter_height=&#8221;medium&#8221; hide_on_desktop=&#8221;&#8221; hide_on_notebook=&#8221;&#8221; hide_on_tablet=&#8221;&#8221; hide_on_mobile=&#8221;&#8221;][\/vc_column][\/vc_row][vc_row][vc_column icons_position=&#8221;left&#8221;][vc_empty_space alter_height=&#8221;huge&#8221; hide_on_desktop=&#8221;&#8221; hide_on_notebook=&#8221;&#8221; hide_on_tablet=&#8221;&#8221; hide_on_mobile=&#8221;&#8221;][trx_sc_services type=&#8221;default&#8221; featured=&#8221;icon&#8221; featured_position=&#8221;top&#8221; no_links=&#8221;&#8221; hide_excerpt=&#8221;&#8221; no_margin=&#8221;&#8221; icons_animation=&#8221;&#8221; popup=&#8221;&#8221; cat=&#8221;0&#8243; orderby=&#8221;post_date&#8221; order=&#8221;desc&#8221; title_style=&#8221;default&#8221; title_align=&#8221;center&#8221; link_style=&#8221;default&#8221; count=&#8221;3&#8243; columns=&#8221;3&#8243; title=&#8221;How Does It Work?&#8221;][vc_empty_space alter_height=&#8221;huge&#8221; hide_on_desktop=&#8221;&#8221; hide_on_notebook=&#8221;&#8221; hide_on_tablet=&#8221;&#8221; [&hellip;]","og_url":"https:\/\/parkingsbarcelona.cat\/ca\/reservations\/","og_site_name":"Galvamo","article_modified_time":"2023-12-14T14:41:08+00:00","twitter_card":"summary_large_image","twitter_misc":{"Temps estimat de lectura":"7 minuts"},"schema":{"@context":"https:\/\/schema.org","@graph":[{"@type":"WebPage","@id":"https:\/\/parkingsbarcelona.cat\/ca\/reservations\/","url":"https:\/\/parkingsbarcelona.cat\/ca\/reservations\/","name":"Reservations - Galvamo","isPartOf":{"@id":"https:\/\/parkingsbarcelona.cat\/ca\/#website"},"datePublished":"2017-12-25T14:54:04+00:00","dateModified":"2023-12-14T14:41:08+00:00","breadcrumb":{"@id":"https:\/\/parkingsbarcelona.cat\/ca\/reservations\/#breadcrumb"},"inLanguage":"ca","potentialAction":[{"@type":"ReadAction","target":["https:\/\/parkingsbarcelona.cat\/ca\/reservations\/"]}]},{"@type":"BreadcrumbList","@id":"https:\/\/parkingsbarcelona.cat\/ca\/reservations\/#breadcrumb","itemListElement":[{"@type":"ListItem","position":1,"name":"Portada","item":"https:\/\/parkingsbarcelona.cat\/ca\/"},{"@type":"ListItem","position":2,"name":"Reservations"}]},{"@type":"WebSite","@id":"https:\/\/parkingsbarcelona.cat\/ca\/#website","url":"https:\/\/parkingsbarcelona.cat\/ca\/","name":"Galvamo","description":"Parking","potentialAction":[{"@type":"SearchAction","target":{"@type":"EntryPoint","urlTemplate":"https:\/\/parkingsbarcelona.cat\/ca\/?s={search_term_string}"},"query-input":{"@type":"PropertyValueSpecification","valueRequired":true,"valueName":"search_term_string"}}],"inLanguage":"ca"}]}},"_links":{"self":[{"href":"https:\/\/parkingsbarcelona.cat\/ca\/wp-json\/wp\/v2\/pages\/875","targetHints":{"allow":["GET"]}}],"collection":[{"href":"https:\/\/parkingsbarcelona.cat\/ca\/wp-json\/wp\/v2\/pages"}],"about":[{"href":"https:\/\/parkingsbarcelona.cat\/ca\/wp-json\/wp\/v2\/types\/page"}],"author":[{"embeddable":true,"href":"https:\/\/parkingsbarcelona.cat\/ca\/wp-json\/wp\/v2\/users\/1"}],"replies":[{"embeddable":true,"href":"https:\/\/parkingsbarcelona.cat\/ca\/wp-json\/wp\/v2\/comments?post=875"}],"version-history":[{"count":14,"href":"https:\/\/parkingsbarcelona.cat\/ca\/wp-json\/wp\/v2\/pages\/875\/revisions"}],"predecessor-version":[{"id":1170,"href":"https:\/\/parkingsbarcelona.cat\/ca\/wp-json\/wp\/v2\/pages\/875\/revisions\/1170"}],"wp:attachment":[{"href":"https:\/\/parkingsbarcelona.cat\/ca\/wp-json\/wp\/v2\/media?parent=875"}],"curies":[{"name":"wp","href":"https:\/\/api.w.org\/{rel}","templated":true}]}}