{"id":890,"date":"2023-11-13T11:49:19","date_gmt":"2023-11-13T10:49:19","guid":{"rendered":"https:\/\/parkingsbarcelona.cat\/nosaltres\/"},"modified":"2024-01-18T11:08:06","modified_gmt":"2024-01-18T10:08:06","slug":"nosaltres","status":"publish","type":"page","link":"https:\/\/parkingsbarcelona.cat\/ca\/nosaltres\/","title":{"rendered":"Nosaltres"},"content":{"rendered":"<p>[et_pb_section fb_built=&#8221;1&#8243; _builder_version=&#8221;4.23.1&#8243; _module_preset=&#8221;default&#8221; background_image=&#8221;https:\/\/parkingsbarcelona.cat\/wp-content\/uploads\/2023\/11\/Header-Nosotros.jpg&#8221; custom_padding=&#8221;86px||79px|||&#8221; global_colors_info=&#8221;{}&#8221;][et_pb_row _builder_version=&#8221;4.23&#8243; _module_preset=&#8221;default&#8221; global_colors_info=&#8221;{}&#8221;][et_pb_column type=&#8221;4_4&#8243; _builder_version=&#8221;4.23&#8243; _module_preset=&#8221;default&#8221; global_colors_info=&#8221;{}&#8221;][et_pb_text _builder_version=&#8221;4.23.1&#8243; _module_preset=&#8221;default&#8221; text_font=&#8221;Montserrat||||||||&#8221; text_text_color=&#8221;#FFFFFF&#8221; text_font_size=&#8221;20px&#8221; text_letter_spacing=&#8221;1px&#8221; text_line_height=&#8221;2.5em&#8221; header_font=&#8221;Montserrat|600|||||||&#8221; header_text_align=&#8221;center&#8221; header_text_color=&#8221;#FFFFFF&#8221; header_font_size=&#8221;43px&#8221; header_letter_spacing=&#8221;1px&#8221; text_orientation=&#8221;center&#8221; header_text_shadow_style=&#8221;preset3&#8243; global_colors_info=&#8221;{}&#8221;]<\/p>\n<h1>Nosaltres<\/h1>\n<p>[\/et_pb_text][\/et_pb_column][\/et_pb_row][\/et_pb_section][et_pb_section fb_built=&#8221;1&#8243; _builder_version=&#8221;4.23&#8243; _module_preset=&#8221;default&#8221; custom_padding=&#8221;79px||116px|||&#8221; global_colors_info=&#8221;{}&#8221;][et_pb_row column_structure=&#8221;1_2,1_2&#8243; use_custom_gutter=&#8221;on&#8221; gutter_width=&#8221;4&#8243; _builder_version=&#8221;4.23&#8243; _module_preset=&#8221;default&#8221; max_width=&#8221;1282px&#8221; global_colors_info=&#8221;{}&#8221;][et_pb_column type=&#8221;1_2&#8243; _builder_version=&#8221;4.23&#8243; _module_preset=&#8221;default&#8221; global_colors_info=&#8221;{}&#8221;][et_pb_image src=&#8221;https:\/\/parkingsbarcelona.cat\/wp-content\/uploads\/2023\/11\/VM_8051-scaled.jpg&#8221; alt=&#8221;galvany&#8221; title_text=&#8221;_VM_8051&#8243; _builder_version=&#8221;4.23&#8243; _module_preset=&#8221;default&#8221; width=&#8221;91%&#8221; module_alignment=&#8221;left&#8221; global_colors_info=&#8221;{}&#8221;][\/et_pb_image][\/et_pb_column][et_pb_column type=&#8221;1_2&#8243; _builder_version=&#8221;4.23&#8243; _module_preset=&#8221;default&#8221; global_colors_info=&#8221;{}&#8221;][et_pb_text _builder_version=&#8221;4.23.4&#8243; _module_preset=&#8221;default&#8221; text_font=&#8221;Montserrat|700|||||||&#8221; text_text_color=&#8221;#000000&#8243; text_font_size=&#8221;41px&#8221; text_letter_spacing=&#8221;1px&#8221; text_line_height=&#8221;1.1em&#8221; header_font=&#8221;|600|||||||&#8221; text_font_size_tablet=&#8221;41px&#8221; text_font_size_phone=&#8221;33px&#8221; text_font_size_last_edited=&#8221;on|phone&#8221; global_colors_info=&#8221;{}&#8221;]<\/p>\n<p>P\u00e0rquing Galvany: 40 anys de servei i qualitat<\/p>\n<p>[\/et_pb_text][et_pb_divider color=&#8221;#005181&#8243; divider_weight=&#8221;4px&#8221; _builder_version=&#8221;4.23&#8243; _module_preset=&#8221;default&#8221; width=&#8221;13%&#8221; module_alignment=&#8221;left&#8221; custom_margin=&#8221;||10px||false|false&#8221; custom_padding=&#8221;||10px||false|false&#8221; global_colors_info=&#8221;{}&#8221;][\/et_pb_divider][et_pb_text _builder_version=&#8221;4.23.4&#8243; _module_preset=&#8221;default&#8221; text_font=&#8221;Montserrat||||||||&#8221; text_text_color=&#8221;#7c7c7c&#8221; text_line_height=&#8221;2.4em&#8221; link_font=&#8221;Montserrat||||||||&#8221; link_text_color=&#8221;#7c7c7c&#8221; header_3_font=&#8221;Montserrat|500|||||||&#8221; header_3_text_color=&#8221;#000000&#8243; header_3_font_size=&#8221;18px&#8221; hover_enabled=&#8221;0&#8243; global_colors_info=&#8221;{}&#8221; sticky_enabled=&#8221;0&#8243;]<\/p>\n<p>Des del 1983, el P\u00e0rquing Galvany ha estat un punt de refer\u00e8ncia per als residents i <text class=\"_textbox_1titd_17\" direction=\"ltr\" height=\"8.219970703125\" lengthadjust=\"spacingAndGlyphs\" textlength=\"422.759994506836\" x=\"85.3079986572266\" y=\"-675.580017089844\" data-test=\"textbox\">visitants de Barcelona. La nostra llarga traject\u00f2ria es basa en una filosofia senzilla per\u00f2 <\/text>efectiva: oferir un servei d&#8217;estacionament d&#8217;alta qualitat amb un tracte personalitzat.<\/p>\n<p>[\/et_pb_text][\/et_pb_column][\/et_pb_row][\/et_pb_section][et_pb_section fb_built=&#8221;1&#8243; _builder_version=&#8221;4.23&#8243; _module_preset=&#8221;default&#8221; background_color=&#8221;#FFFFFF&#8221; background_video_mp4=&#8221;https:\/\/parkingsbarcelona.cat\/wp-content\/uploads\/2023\/11\/production_id_4281252-1080p.mp4&#8243; custom_padding=&#8221;76px||152px|||&#8221; global_colors_info=&#8221;{}&#8221;][et_pb_row _builder_version=&#8221;4.23&#8243; _module_preset=&#8221;default&#8221; custom_margin=&#8221;17px|auto||auto||&#8221; global_colors_info=&#8221;{}&#8221;][et_pb_column type=&#8221;4_4&#8243; _builder_version=&#8221;4.23&#8243; _module_preset=&#8221;default&#8221; global_colors_info=&#8221;{}&#8221;][\/et_pb_column][\/et_pb_row][\/et_pb_section][et_pb_section fb_built=&#8221;1&#8243; _builder_version=&#8221;4.23&#8243; _module_preset=&#8221;default&#8221; custom_padding=&#8221;||115px|||&#8221; global_colors_info=&#8221;{}&#8221;][et_pb_row use_custom_gutter=&#8221;on&#8221; gutter_width=&#8221;4&#8243; _builder_version=&#8221;4.23&#8243; _module_preset=&#8221;default&#8221; max_width=&#8221;1282px&#8221; global_colors_info=&#8221;{}&#8221;][et_pb_column type=&#8221;4_4&#8243; _builder_version=&#8221;4.23&#8243; _module_preset=&#8221;default&#8221; global_colors_info=&#8221;{}&#8221;][et_pb_text _builder_version=&#8221;4.23.4&#8243; _module_preset=&#8221;default&#8221; text_font=&#8221;Montserrat|700|||||||&#8221; text_text_color=&#8221;#000000&#8243; text_font_size=&#8221;41px&#8221; text_letter_spacing=&#8221;1px&#8221; text_line_height=&#8221;1.3em&#8221; text_orientation=&#8221;center&#8221; text_font_size_tablet=&#8221;41px&#8221; text_font_size_phone=&#8221;33px&#8221; text_font_size_last_edited=&#8221;on|phone&#8221; global_colors_info=&#8221;{}&#8221;]<\/p>\n<p>El que ens diferencia<\/p>\n<p>[\/et_pb_text][et_pb_divider color=&#8221;#005181&#8243; divider_weight=&#8221;4px&#8221; _builder_version=&#8221;4.23.4&#8243; _module_preset=&#8221;default&#8221; width=&#8221;6%&#8221; module_alignment=&#8221;center&#8221; custom_margin=&#8221;||||false|false&#8221; custom_padding=&#8221;||||false|false&#8221; global_colors_info=&#8221;{}&#8221;][\/et_pb_divider][\/et_pb_column][\/et_pb_row][et_pb_row column_structure=&#8221;1_3,1_3,1_3&#8243; use_custom_gutter=&#8221;on&#8221; gutter_width=&#8221;4&#8243; _builder_version=&#8221;4.23&#8243; _module_preset=&#8221;default&#8221; max_width=&#8221;1282px&#8221; global_colors_info=&#8221;{}&#8221;][et_pb_column type=&#8221;1_3&#8243; _builder_version=&#8221;4.23&#8243; _module_preset=&#8221;default&#8221; global_colors_info=&#8221;{}&#8221;][et_pb_blurb title=&#8221;Tracte personal&#8221; image=&#8221;https:\/\/parkingsbarcelona.cat\/wp-content\/uploads\/2023\/11\/shield_7800330.png&#8221; image_icon_width=&#8221;39%&#8221; _builder_version=&#8221;4.23.4&#8243; _module_preset=&#8221;default&#8221; header_font=&#8221;Montserrat||||||||&#8221; header_text_align=&#8221;center&#8221; header_text_color=&#8221;#000000&#8243; header_line_height=&#8221;1.2em&#8221; body_font=&#8221;Montserrat||||||||&#8221; hover_enabled=&#8221;0&#8243; global_colors_info=&#8221;{}&#8221; sticky_enabled=&#8221;0&#8243;]<\/p>\n<p style=\"text-align: center;\">Al P\u00e0rquing Galvany <text class=\"_textbox_1titd_17\" direction=\"ltr\" height=\"8.15997314453125\" lengthadjust=\"spacingAndGlyphs\" textlength=\"307.860061645508\" x=\"189.781997680664\" y=\"-603.700012207031\" data-test=\"textbox\">creiem en la import\u00e0ncia dun tracte personalitzat. El nostre <\/text>equip \u00e9s present les 24 hores del dia, els 365 dies de l&#8217;any, per atendre totes les seves <text class=\"_textbox_1titd_17\" direction=\"ltr\" height=\"8.219970703125\" lengthadjust=\"spacingAndGlyphs\" textlength=\"413.183990478516\" x=\"86.0039978027344\" y=\"-574.390014648438\" data-test=\"textbox\">necessitats. Ja sigui que estigui arribant o sortint a altes hores de la nit o durant <\/text><text class=\"_textbox_1titd_17\" direction=\"ltr\" height=\"8.219970703125\" lengthadjust=\"spacingAndGlyphs\" textlength=\"347.915977478027\" x=\"85.9679946899414\" y=\"-559.75\" data-test=\"textbox\">un dia festiu, sempre trobar\u00e0 un rostre amigable llest per ajudar.<\/text><\/p>\n<p>[\/et_pb_blurb][\/et_pb_column][et_pb_column type=&#8221;1_3&#8243; _builder_version=&#8221;4.23&#8243; _module_preset=&#8221;default&#8221; global_colors_info=&#8221;{}&#8221;][et_pb_blurb title=&#8221;Espai i comoditat&#8221; image=&#8221;https:\/\/parkingsbarcelona.cat\/wp-content\/uploads\/2023\/11\/car-insurance_7801603.png&#8221; image_icon_width=&#8221;39%&#8221; _builder_version=&#8221;4.23.4&#8243; _module_preset=&#8221;default&#8221; header_font=&#8221;Montserrat||||||||&#8221; header_text_align=&#8221;center&#8221; header_text_color=&#8221;#000000&#8243; header_line_height=&#8221;1.2em&#8221; body_font=&#8221;Montserrat||||||||&#8221; hover_enabled=&#8221;0&#8243; global_colors_info=&#8221;{}&#8221; sticky_enabled=&#8221;0&#8243;]<\/p>\n<p style=\"text-align: center;\">Sabem com n&#8217;\u00e9s d&#8217;important trobar un lloc d&#8217;estacionament c\u00f2mode i <text class=\"_textbox_1titd_17\" direction=\"ltr\" height=\"8.16000366210938\" lengthadjust=\"spacingAndGlyphs\" textlength=\"393.503890991211\" x=\"85.5839996337891\" y=\"-487.75\" data-test=\"textbox\">segur en una ciutat com Barcelona. Les nostres instal\u00b7lacions compten amb zones <\/text><text class=\"_textbox_1titd_17\" direction=\"ltr\" height=\"8.22000122070312\" lengthadjust=\"spacingAndGlyphs\" textlength=\"382.103958129883\" x=\"85.6439971923828\" y=\"-473.110015869141\" data-test=\"textbox\">\u00e0mplies, rampes de doble circulaci\u00f3 i places d&#8217;estacionament amb espai <\/text><text class=\"_textbox_1titd_17\" direction=\"ltr\" height=\"8.22000122070312\" lengthadjust=\"spacingAndGlyphs\" textlength=\"412.068099975586\" x=\"85.5839996337891\" y=\"-458.470001220703\" data-test=\"textbox\">suficient perqu\u00e8 pugui maniobrar amb facilitat. Oblidi&#8217;s dels <\/text>problemes en estacionar; en el P\u00e0rquing Galvany, li oferim la comoditat que es mereix.<\/p>\n<p>[\/et_pb_blurb][\/et_pb_column][et_pb_column type=&#8221;1_3&#8243; _builder_version=&#8221;4.23&#8243; _module_preset=&#8221;default&#8221; global_colors_info=&#8221;{}&#8221;][et_pb_blurb title=&#8221;Ubicaci\u00f3 privilegiada&#8221; image=&#8221;https:\/\/parkingsbarcelona.cat\/wp-content\/uploads\/2023\/11\/location_7801491.png&#8221; image_icon_width=&#8221;39%&#8221; _builder_version=&#8221;4.23.4&#8243; _module_preset=&#8221;default&#8221; header_font=&#8221;Montserrat||||||||&#8221; header_text_align=&#8221;center&#8221; header_text_color=&#8221;#000000&#8243; header_line_height=&#8221;1.2em&#8221; body_font=&#8221;Montserrat||||||||&#8221; hover_enabled=&#8221;0&#8243; global_colors_info=&#8221;{}&#8221; sticky_enabled=&#8221;0&#8243;]<\/p>\n<p style=\"text-align: center;\"><text class=\"_textbox_1titd_17\" direction=\"ltr\" height=\"8.22000122070312\" lengthadjust=\"spacingAndGlyphs\" textlength=\"411.899993896484\" x=\"86.1119995117188\" y=\"-371.809997558594\" data-test=\"textbox\">Estem ubicats al cor de Barcelona, \u200b\u200bal carrer Calaf, 28, davant del Mercat Galvany, molt<\/text> a prop del Centre d&#8217;Oftalmologia Barraquer, de l&#8217;Institut Brit\u00e0nic, de gimnasos, de moltes botigues de moda i oficines.<\/p>\n<p>[\/et_pb_blurb][\/et_pb_column][\/et_pb_row][\/et_pb_section]<\/p>\n","protected":false},"excerpt":{"rendered":"<p>NosaltresP\u00e0rquing Galvany: 40 anys de servei i qualitatDes del 1983, el P\u00e0rquing Galvany ha estat un punt de refer\u00e8ncia per als residents i visitants de Barcelona. La nostra llarga traject\u00f2ria es basa en una filosofia senzilla per\u00f2 efectiva: oferir un servei d&#8217;estacionament d&#8217;alta qualitat amb un tracte personalitzat.El que ens diferenciaAl P\u00e0rquing Galvany creiem en [&hellip;]<\/p>\n","protected":false},"author":1,"featured_media":0,"parent":0,"menu_order":0,"comment_status":"closed","ping_status":"closed","template":"","meta":{"_et_pb_use_builder":"on","_et_pb_old_content":"","_et_gb_content_width":"","footnotes":""},"class_list":["post-890","page","type-page","status-publish","hentry"],"yoast_head":"<!-- This site is optimized with the Yoast SEO plugin v24.4 - https:\/\/yoast.com\/wordpress\/plugins\/seo\/ -->\n<title>Nosaltres - Galvamo<\/title>\n<meta name=\"robots\" content=\"index, follow, max-snippet:-1, max-image-preview:large, max-video-preview:-1\" \/>\n<link rel=\"canonical\" href=\"https:\/\/parkingsbarcelona.cat\/ca\/nosaltres\/\" \/>\n<meta property=\"og:locale\" content=\"ca_ES\" \/>\n<meta property=\"og:type\" content=\"article\" \/>\n<meta property=\"og:title\" content=\"Nosaltres - Galvamo\" \/>\n<meta property=\"og:description\" content=\"NosaltresP\u00e0rquing Galvany: 40 anys de servei i qualitatDes del 1983, el P\u00e0rquing Galvany ha estat un punt de refer\u00e8ncia per als residents i visitants de Barcelona. La nostra llarga traject\u00f2ria es basa en una filosofia senzilla per\u00f2 efectiva: oferir un servei d&#039;estacionament d&#039;alta qualitat amb un tracte personalitzat.El que ens diferenciaAl P\u00e0rquing Galvany creiem en [&hellip;]\" \/>\n<meta property=\"og:url\" content=\"https:\/\/parkingsbarcelona.cat\/ca\/nosaltres\/\" \/>\n<meta property=\"og:site_name\" content=\"Galvamo\" \/>\n<meta property=\"article:modified_time\" content=\"2024-01-18T10:08:06+00:00\" \/>\n<meta name=\"twitter:card\" content=\"summary_large_image\" \/>\n<meta name=\"twitter:label1\" content=\"Temps estimat de lectura\" \/>\n\t<meta name=\"twitter:data1\" content=\"5 minuts\" \/>\n<script type=\"application\/ld+json\" class=\"yoast-schema-graph\">{\"@context\":\"https:\/\/schema.org\",\"@graph\":[{\"@type\":\"WebPage\",\"@id\":\"https:\/\/parkingsbarcelona.cat\/ca\/nosaltres\/\",\"url\":\"https:\/\/parkingsbarcelona.cat\/ca\/nosaltres\/\",\"name\":\"Nosaltres - Galvamo\",\"isPartOf\":{\"@id\":\"https:\/\/parkingsbarcelona.cat\/ca\/#website\"},\"datePublished\":\"2023-11-13T10:49:19+00:00\",\"dateModified\":\"2024-01-18T10:08:06+00:00\",\"breadcrumb\":{\"@id\":\"https:\/\/parkingsbarcelona.cat\/ca\/nosaltres\/#breadcrumb\"},\"inLanguage\":\"ca\",\"potentialAction\":[{\"@type\":\"ReadAction\",\"target\":[\"https:\/\/parkingsbarcelona.cat\/ca\/nosaltres\/\"]}]},{\"@type\":\"BreadcrumbList\",\"@id\":\"https:\/\/parkingsbarcelona.cat\/ca\/nosaltres\/#breadcrumb\",\"itemListElement\":[{\"@type\":\"ListItem\",\"position\":1,\"name\":\"Portada\",\"item\":\"https:\/\/parkingsbarcelona.cat\/ca\/\"},{\"@type\":\"ListItem\",\"position\":2,\"name\":\"Nosaltres\"}]},{\"@type\":\"WebSite\",\"@id\":\"https:\/\/parkingsbarcelona.cat\/ca\/#website\",\"url\":\"https:\/\/parkingsbarcelona.cat\/ca\/\",\"name\":\"Galvamo\",\"description\":\"Parking\",\"potentialAction\":[{\"@type\":\"SearchAction\",\"target\":{\"@type\":\"EntryPoint\",\"urlTemplate\":\"https:\/\/parkingsbarcelona.cat\/ca\/?s={search_term_string}\"},\"query-input\":{\"@type\":\"PropertyValueSpecification\",\"valueRequired\":true,\"valueName\":\"search_term_string\"}}],\"inLanguage\":\"ca\"}]}<\/script>\n<!-- \/ Yoast SEO plugin. -->","yoast_head_json":{"title":"Nosaltres - Galvamo","robots":{"index":"index","follow":"follow","max-snippet":"max-snippet:-1","max-image-preview":"max-image-preview:large","max-video-preview":"max-video-preview:-1"},"canonical":"https:\/\/parkingsbarcelona.cat\/ca\/nosaltres\/","og_locale":"ca_ES","og_type":"article","og_title":"Nosaltres - Galvamo","og_description":"NosaltresP\u00e0rquing Galvany: 40 anys de servei i qualitatDes del 1983, el P\u00e0rquing Galvany ha estat un punt de refer\u00e8ncia per als residents i visitants de Barcelona. La nostra llarga traject\u00f2ria es basa en una filosofia senzilla per\u00f2 efectiva: oferir un servei d'estacionament d'alta qualitat amb un tracte personalitzat.El que ens diferenciaAl P\u00e0rquing Galvany creiem en [&hellip;]","og_url":"https:\/\/parkingsbarcelona.cat\/ca\/nosaltres\/","og_site_name":"Galvamo","article_modified_time":"2024-01-18T10:08:06+00:00","twitter_card":"summary_large_image","twitter_misc":{"Temps estimat de lectura":"5 minuts"},"schema":{"@context":"https:\/\/schema.org","@graph":[{"@type":"WebPage","@id":"https:\/\/parkingsbarcelona.cat\/ca\/nosaltres\/","url":"https:\/\/parkingsbarcelona.cat\/ca\/nosaltres\/","name":"Nosaltres - Galvamo","isPartOf":{"@id":"https:\/\/parkingsbarcelona.cat\/ca\/#website"},"datePublished":"2023-11-13T10:49:19+00:00","dateModified":"2024-01-18T10:08:06+00:00","breadcrumb":{"@id":"https:\/\/parkingsbarcelona.cat\/ca\/nosaltres\/#breadcrumb"},"inLanguage":"ca","potentialAction":[{"@type":"ReadAction","target":["https:\/\/parkingsbarcelona.cat\/ca\/nosaltres\/"]}]},{"@type":"BreadcrumbList","@id":"https:\/\/parkingsbarcelona.cat\/ca\/nosaltres\/#breadcrumb","itemListElement":[{"@type":"ListItem","position":1,"name":"Portada","item":"https:\/\/parkingsbarcelona.cat\/ca\/"},{"@type":"ListItem","position":2,"name":"Nosaltres"}]},{"@type":"WebSite","@id":"https:\/\/parkingsbarcelona.cat\/ca\/#website","url":"https:\/\/parkingsbarcelona.cat\/ca\/","name":"Galvamo","description":"Parking","potentialAction":[{"@type":"SearchAction","target":{"@type":"EntryPoint","urlTemplate":"https:\/\/parkingsbarcelona.cat\/ca\/?s={search_term_string}"},"query-input":{"@type":"PropertyValueSpecification","valueRequired":true,"valueName":"search_term_string"}}],"inLanguage":"ca"}]}},"_links":{"self":[{"href":"https:\/\/parkingsbarcelona.cat\/ca\/wp-json\/wp\/v2\/pages\/890","targetHints":{"allow":["GET"]}}],"collection":[{"href":"https:\/\/parkingsbarcelona.cat\/ca\/wp-json\/wp\/v2\/pages"}],"about":[{"href":"https:\/\/parkingsbarcelona.cat\/ca\/wp-json\/wp\/v2\/types\/page"}],"author":[{"embeddable":true,"href":"https:\/\/parkingsbarcelona.cat\/ca\/wp-json\/wp\/v2\/users\/1"}],"replies":[{"embeddable":true,"href":"https:\/\/parkingsbarcelona.cat\/ca\/wp-json\/wp\/v2\/comments?post=890"}],"version-history":[{"count":21,"href":"https:\/\/parkingsbarcelona.cat\/ca\/wp-json\/wp\/v2\/pages\/890\/revisions"}],"predecessor-version":[{"id":1634,"href":"https:\/\/parkingsbarcelona.cat\/ca\/wp-json\/wp\/v2\/pages\/890\/revisions\/1634"}],"wp:attachment":[{"href":"https:\/\/parkingsbarcelona.cat\/ca\/wp-json\/wp\/v2\/media?parent=890"}],"curies":[{"name":"wp","href":"https:\/\/api.w.org\/{rel}","templated":true}]}}