{"id":927,"date":"2023-11-13T07:57:05","date_gmt":"2023-11-13T06:57:05","guid":{"rendered":"https:\/\/parkingsbarcelona.cat\/avis-legal\/"},"modified":"2024-09-19T08:03:14","modified_gmt":"2024-09-19T06:03:14","slug":"avis-legal","status":"publish","type":"page","link":"https:\/\/parkingsbarcelona.cat\/ca\/avis-legal\/","title":{"rendered":"Av\u00eds Legal"},"content":{"rendered":"\n<p>El lloc web: <a href=\"https:\/\/parkingsbarcelona.cat\/ca\/\">galvamobcn.com<\/a> (a partir d&#8217;ara \u201cLloc Web\u201d) \u00e9s una publicaci\u00f3 propietat de Galvamo BCN 2003 SL. amb NIF \u00e9s B63507149 i domicili a Barcelona al c\/ GRAN DE GR\u00c0CIA, 109 -111 P.3 PTA.1A; Barcelona<\/p>\n\n<p>Dades de contacte:<\/p>\n\n<p>Tel.: (+34) 93 414 02 86<\/p>\n\n<p>Email: info@parkingsbarcelona.cat<\/p>\n\n<p>El domini de la p\u00e0gina pertany a Galvamo Bcn 2003 SL<\/p>\n\n<p><strong>\u00das del Lloc Web<\/strong><\/p>\n\n<p>Les condicions d&#8217;acc\u00e9s i \u00fas d&#8217;aquest Lloc Web es regeixen estrictament per la legalitat vigent i pel principi de bona fe, l&#8217;usuari es compromet a fer-ne un bon \u00fas i dels serveis que s&#8217;ofereixen. L&#8217;usuari est\u00e0 obligat a NO utilitzar el Lloc Web i els serveis que s&#8217;hi ofereixen per a la realitzaci\u00f3 d&#8217;activitats contr\u00e0ries a la llei o en perjudici de tercers.<\/p>\n\n<p>Les denominacions Galvamo Bcn 2003 SL, aix\u00ed com altres signes distintius (gr\u00e0fics o denominacions) que apareixen en aquest Lloc Web, s\u00f3n propietat exclusiva de Galvamo Bcn 2003 SL Els continguts, textos, fotografies, dissenys, logotips, imatges, sons, v\u00eddeos, animacions , registres, programes inform\u00e0tics, codis font i, en general, qualsevol creaci\u00f3 intel\u00b7lectual existent en aquest Lloc Web, aix\u00ed com el mateix Lloc en conjunt, com a obra art\u00edstica multim\u00e8dia, estan protegida com a drets d&#8217;autor per la legislaci\u00f3 en mat\u00e8ria de propietat intel\u00b7lectual.<\/p>\n\n<p>L&#8217;establiment d&#8217;enlla\u00e7os al Lloc Web de Galvamo Bcn 2003 SL ha de respectar els drets de propietat intel\u00b7lectual o industrial, del qual \u00e9s titular Galvamo Bcn 2003 SL<\/p>\n","protected":false},"excerpt":{"rendered":"<p>El lloc web: galvamobcn.com (a partir d&#8217;ara \u201cLloc Web\u201d) \u00e9s una publicaci\u00f3 propietat de Galvamo BCN 2003 SL. amb NIF \u00e9s B63507149 i domicili a Barcelona al c\/ GRAN DE GR\u00c0CIA, 109 -111 P.3 PTA.1A; Barcelona Dades de contacte: Tel.: (+34) 93 414 02 86 Email: info@parkingsbarcelona.cat El domini de la p\u00e0gina pertany a Galvamo [&hellip;]<\/p>\n","protected":false},"author":1,"featured_media":0,"parent":0,"menu_order":0,"comment_status":"closed","ping_status":"closed","template":"","meta":{"_et_pb_use_builder":"off","_et_pb_old_content":"","_et_gb_content_width":"","footnotes":""},"class_list":["post-927","page","type-page","status-publish","hentry"],"yoast_head":"<!-- This site is optimized with the Yoast SEO plugin v24.4 - https:\/\/yoast.com\/wordpress\/plugins\/seo\/ -->\n<title>Av\u00eds Legal - Galvamo<\/title>\n<meta name=\"robots\" content=\"index, follow, max-snippet:-1, max-image-preview:large, max-video-preview:-1\" \/>\n<link rel=\"canonical\" href=\"https:\/\/parkingsbarcelona.cat\/ca\/avis-legal\/\" \/>\n<meta property=\"og:locale\" content=\"ca_ES\" \/>\n<meta property=\"og:type\" content=\"article\" \/>\n<meta property=\"og:title\" content=\"Av\u00eds Legal - Galvamo\" \/>\n<meta property=\"og:description\" content=\"El lloc web: galvamobcn.com (a partir d&#8217;ara \u201cLloc Web\u201d) \u00e9s una publicaci\u00f3 propietat de Galvamo BCN 2003 SL. amb NIF \u00e9s B63507149 i domicili a Barcelona al c\/ GRAN DE GR\u00c0CIA, 109 -111 P.3 PTA.1A; Barcelona Dades de contacte: Tel.: (+34) 93 414 02 86 Email: info@parkingsbarcelona.cat El domini de la p\u00e0gina pertany a Galvamo [&hellip;]\" \/>\n<meta property=\"og:url\" content=\"https:\/\/parkingsbarcelona.cat\/ca\/avis-legal\/\" \/>\n<meta property=\"og:site_name\" content=\"Galvamo\" \/>\n<meta property=\"article:modified_time\" content=\"2024-09-19T06:03:14+00:00\" \/>\n<meta name=\"twitter:card\" content=\"summary_large_image\" \/>\n<meta name=\"twitter:label1\" content=\"Temps estimat de lectura\" \/>\n\t<meta name=\"twitter:data1\" content=\"1 minut\" \/>\n<script type=\"application\/ld+json\" class=\"yoast-schema-graph\">{\"@context\":\"https:\/\/schema.org\",\"@graph\":[{\"@type\":\"WebPage\",\"@id\":\"https:\/\/parkingsbarcelona.cat\/ca\/avis-legal\/\",\"url\":\"https:\/\/parkingsbarcelona.cat\/ca\/avis-legal\/\",\"name\":\"Av\u00eds Legal - Galvamo\",\"isPartOf\":{\"@id\":\"https:\/\/parkingsbarcelona.cat\/ca\/#website\"},\"datePublished\":\"2023-11-13T06:57:05+00:00\",\"dateModified\":\"2024-09-19T06:03:14+00:00\",\"breadcrumb\":{\"@id\":\"https:\/\/parkingsbarcelona.cat\/ca\/avis-legal\/#breadcrumb\"},\"inLanguage\":\"ca\",\"potentialAction\":[{\"@type\":\"ReadAction\",\"target\":[\"https:\/\/parkingsbarcelona.cat\/ca\/avis-legal\/\"]}]},{\"@type\":\"BreadcrumbList\",\"@id\":\"https:\/\/parkingsbarcelona.cat\/ca\/avis-legal\/#breadcrumb\",\"itemListElement\":[{\"@type\":\"ListItem\",\"position\":1,\"name\":\"Portada\",\"item\":\"https:\/\/parkingsbarcelona.cat\/ca\/\"},{\"@type\":\"ListItem\",\"position\":2,\"name\":\"Av\u00eds Legal\"}]},{\"@type\":\"WebSite\",\"@id\":\"https:\/\/parkingsbarcelona.cat\/ca\/#website\",\"url\":\"https:\/\/parkingsbarcelona.cat\/ca\/\",\"name\":\"Galvamo\",\"description\":\"Parking\",\"potentialAction\":[{\"@type\":\"SearchAction\",\"target\":{\"@type\":\"EntryPoint\",\"urlTemplate\":\"https:\/\/parkingsbarcelona.cat\/ca\/?s={search_term_string}\"},\"query-input\":{\"@type\":\"PropertyValueSpecification\",\"valueRequired\":true,\"valueName\":\"search_term_string\"}}],\"inLanguage\":\"ca\"}]}<\/script>\n<!-- \/ Yoast SEO plugin. -->","yoast_head_json":{"title":"Av\u00eds Legal - Galvamo","robots":{"index":"index","follow":"follow","max-snippet":"max-snippet:-1","max-image-preview":"max-image-preview:large","max-video-preview":"max-video-preview:-1"},"canonical":"https:\/\/parkingsbarcelona.cat\/ca\/avis-legal\/","og_locale":"ca_ES","og_type":"article","og_title":"Av\u00eds Legal - Galvamo","og_description":"El lloc web: galvamobcn.com (a partir d&#8217;ara \u201cLloc Web\u201d) \u00e9s una publicaci\u00f3 propietat de Galvamo BCN 2003 SL. amb NIF \u00e9s B63507149 i domicili a Barcelona al c\/ GRAN DE GR\u00c0CIA, 109 -111 P.3 PTA.1A; Barcelona Dades de contacte: Tel.: (+34) 93 414 02 86 Email: info@parkingsbarcelona.cat El domini de la p\u00e0gina pertany a Galvamo [&hellip;]","og_url":"https:\/\/parkingsbarcelona.cat\/ca\/avis-legal\/","og_site_name":"Galvamo","article_modified_time":"2024-09-19T06:03:14+00:00","twitter_card":"summary_large_image","twitter_misc":{"Temps estimat de lectura":"1 minut"},"schema":{"@context":"https:\/\/schema.org","@graph":[{"@type":"WebPage","@id":"https:\/\/parkingsbarcelona.cat\/ca\/avis-legal\/","url":"https:\/\/parkingsbarcelona.cat\/ca\/avis-legal\/","name":"Av\u00eds Legal - Galvamo","isPartOf":{"@id":"https:\/\/parkingsbarcelona.cat\/ca\/#website"},"datePublished":"2023-11-13T06:57:05+00:00","dateModified":"2024-09-19T06:03:14+00:00","breadcrumb":{"@id":"https:\/\/parkingsbarcelona.cat\/ca\/avis-legal\/#breadcrumb"},"inLanguage":"ca","potentialAction":[{"@type":"ReadAction","target":["https:\/\/parkingsbarcelona.cat\/ca\/avis-legal\/"]}]},{"@type":"BreadcrumbList","@id":"https:\/\/parkingsbarcelona.cat\/ca\/avis-legal\/#breadcrumb","itemListElement":[{"@type":"ListItem","position":1,"name":"Portada","item":"https:\/\/parkingsbarcelona.cat\/ca\/"},{"@type":"ListItem","position":2,"name":"Av\u00eds Legal"}]},{"@type":"WebSite","@id":"https:\/\/parkingsbarcelona.cat\/ca\/#website","url":"https:\/\/parkingsbarcelona.cat\/ca\/","name":"Galvamo","description":"Parking","potentialAction":[{"@type":"SearchAction","target":{"@type":"EntryPoint","urlTemplate":"https:\/\/parkingsbarcelona.cat\/ca\/?s={search_term_string}"},"query-input":{"@type":"PropertyValueSpecification","valueRequired":true,"valueName":"search_term_string"}}],"inLanguage":"ca"}]}},"_links":{"self":[{"href":"https:\/\/parkingsbarcelona.cat\/ca\/wp-json\/wp\/v2\/pages\/927","targetHints":{"allow":["GET"]}}],"collection":[{"href":"https:\/\/parkingsbarcelona.cat\/ca\/wp-json\/wp\/v2\/pages"}],"about":[{"href":"https:\/\/parkingsbarcelona.cat\/ca\/wp-json\/wp\/v2\/types\/page"}],"author":[{"embeddable":true,"href":"https:\/\/parkingsbarcelona.cat\/ca\/wp-json\/wp\/v2\/users\/1"}],"replies":[{"embeddable":true,"href":"https:\/\/parkingsbarcelona.cat\/ca\/wp-json\/wp\/v2\/comments?post=927"}],"version-history":[{"count":12,"href":"https:\/\/parkingsbarcelona.cat\/ca\/wp-json\/wp\/v2\/pages\/927\/revisions"}],"predecessor-version":[{"id":1780,"href":"https:\/\/parkingsbarcelona.cat\/ca\/wp-json\/wp\/v2\/pages\/927\/revisions\/1780"}],"wp:attachment":[{"href":"https:\/\/parkingsbarcelona.cat\/ca\/wp-json\/wp\/v2\/media?parent=927"}],"curies":[{"name":"wp","href":"https:\/\/api.w.org\/{rel}","templated":true}]}}